{"id":356,"date":"2025-05-30T04:42:34","date_gmt":"2025-05-30T04:42:34","guid":{"rendered":"https:\/\/soppaaijja.fi\/?page_id=356"},"modified":"2026-01-27T10:32:15","modified_gmt":"2026-01-27T10:32:15","slug":"kesakioski","status":"publish","type":"page","link":"https:\/\/soppaaijja.fi\/?page_id=356","title":{"rendered":"KES\u00c4KIOSKI"},"content":{"rendered":"\n<div class=\"wp-block-columns is-layout-flex wp-container-core-columns-is-layout-33233fb6 wp-block-columns-is-layout-flex\" style=\"border-width:1px;border-radius:10px;margin-top:var(--wp--preset--spacing--20);margin-bottom:var(--wp--preset--spacing--20)\">\n<div class=\"wp-block-column is-layout-flow wp-block-column-is-layout-flow\">\n<h3 class=\"wp-block-heading has-text-align-center\">KES\u00c4KIOSKI<\/h3>\n\n\n\n<p class=\"has-black-color has-text-color has-link-color wp-elements-d619232b25d7a565169dd8f178da1116\">Tuusniemen torin kes\u00e4kioskin toiminnasta vastaa T:mi Jaakko E. Miettinen. Kioskissa ty\u00f6llistet\u00e4\u00e4n paikallisia nuoria.<\/p>\n\n\n\n<p class=\"has-black-color has-text-color has-link-color wp-elements-61ef00023667b03f32ecfd71e983970b\">Kioski on avoinna kes\u00e4isin. Myynniss\u00e4 on kahvia, kaakaota, virvokkeita, j\u00e4\u00e4tel\u00f6\u00e4, makeisia, suolaista ja makeaa kahvileip\u00e4\u00e4, vohveleita, lihapiirakoita ja makkaraa. Lis\u00e4ksi myynniss\u00e4 my\u00f6s Soppa \u00c4ijj\u00e4n myyntituotteet; liha- ja kalas\u00e4ilykkeet, retkisuklaat ja hunajaa. Ota kioskin facebook \u2013sivut seurantaan, Tuusniemen torin kes\u00e4kioski. Sielt\u00e4 n\u00e4et tarkemmat aukioloajat ja tiedotteet.<\/p>\n\n\n\n<p class=\"has-ast-global-color-8-color has-text-color has-link-color wp-elements-855cfc3c4e699df637d9907c18de353a\">T\u00f6ihin kes\u00e4kioskille<br>Kes\u00e4kioskille\u00a0ty\u00f6llistet\u00e4\u00e4n 2-3 nuorta\/kes\u00e4ty\u00f6ntekij\u00e4\u00e4 ensisijaisesti Tuusniemen kunnan kes\u00e4ty\u00f6projektin kautta. Hakuaika on vuosittain tammi-huhtikuussa. Ota rohkeasti yhteytt\u00e4!<\/p>\n\n\n\n<p class=\"has-black-color has-text-color has-link-color wp-elements-317cc4193f3d30a2f0e1f046718f23bf\">Tuusniemen torin kes\u00e4kioski Tuusniemen tori, Huoltotie 4, Tuusniemi T:mi Jaakko E. Miettinen, puh. 045 87 37 352<\/p>\n<\/div>\n\n\n\n<div class=\"wp-block-column is-layout-flow wp-block-column-is-layout-flow\">\n<figure class=\"wp-block-image size-full\"><img loading=\"lazy\" decoding=\"async\" width=\"945\" height=\"960\" src=\"https:\/\/soppaaijja.fi\/wp-content\/uploads\/2025\/05\/kioski.jpg\" alt=\"\" class=\"wp-image-344\" srcset=\"https:\/\/soppaaijja.fi\/wp-content\/uploads\/2025\/05\/kioski.jpg 945w, https:\/\/soppaaijja.fi\/wp-content\/uploads\/2025\/05\/kioski-295x300.jpg 295w, https:\/\/soppaaijja.fi\/wp-content\/uploads\/2025\/05\/kioski-768x780.jpg 768w\" sizes=\"auto, (max-width: 945px) 100vw, 945px\" \/><\/figure>\n<\/div>\n<\/div>\n\n\n\n<p><\/p>\n","protected":false},"excerpt":{"rendered":"<p>KES\u00c4KIOSKI Tuusniemen torin kes\u00e4kioskin toiminnasta vastaa T:mi Jaakko E. Miettinen. Kioskissa ty\u00f6llistet\u00e4\u00e4n paikallisia nuoria. Kioski on avoinna kes\u00e4isin. Myynniss\u00e4 on [&hellip;]<\/p>\n","protected":false},"author":2,"featured_media":0,"parent":0,"menu_order":0,"comment_status":"closed","ping_status":"closed","template":"","meta":{"site-sidebar-layout":"default","site-content-layout":"","ast-site-content-layout":"","site-content-style":"default","site-sidebar-style":"default","ast-global-header-display":"","ast-banner-title-visibility":"","ast-main-header-display":"","ast-hfb-above-header-display":"","ast-hfb-below-header-display":"","ast-hfb-mobile-header-display":"","site-post-title":"disabled","ast-breadcrumbs-content":"","ast-featured-img":"","footer-sml-layout":"","theme-transparent-header-meta":"","adv-header-id-meta":"","stick-header-meta":"","header-above-stick-meta":"","header-main-stick-meta":"","header-below-stick-meta":"","astra-migrate-meta-layouts":"default","ast-page-background-enabled":"default","ast-page-background-meta":{"desktop":{"background-color":"var(--ast-global-color-4)","background-image":"","background-repeat":"repeat","background-position":"center center","background-size":"auto","background-attachment":"scroll","background-type":"","background-media":"","overlay-type":"","overlay-color":"","overlay-opacity":"","overlay-gradient":""},"tablet":{"background-color":"","background-image":"","background-repeat":"repeat","background-position":"center center","background-size":"auto","background-attachment":"scroll","background-type":"","background-media":"","overlay-type":"","overlay-color":"","overlay-opacity":"","overlay-gradient":""},"mobile":{"background-color":"","background-image":"","background-repeat":"repeat","background-position":"center center","background-size":"auto","background-attachment":"scroll","background-type":"","background-media":"","overlay-type":"","overlay-color":"","overlay-opacity":"","overlay-gradient":""}},"ast-content-background-meta":{"desktop":{"background-color":"var(--ast-global-color-5)","background-image":"","background-repeat":"repeat","background-position":"center center","background-size":"auto","background-attachment":"scroll","background-type":"","background-media":"","overlay-type":"","overlay-color":"","overlay-opacity":"","overlay-gradient":""},"tablet":{"background-color":"var(--ast-global-color-5)","background-image":"","background-repeat":"repeat","background-position":"center center","background-size":"auto","background-attachment":"scroll","background-type":"","background-media":"","overlay-type":"","overlay-color":"","overlay-opacity":"","overlay-gradient":""},"mobile":{"background-color":"var(--ast-global-color-5)","background-image":"","background-repeat":"repeat","background-position":"center center","background-size":"auto","background-attachment":"scroll","background-type":"","background-media":"","overlay-type":"","overlay-color":"","overlay-opacity":"","overlay-gradient":""}},"footnotes":""},"class_list":["post-356","page","type-page","status-publish","hentry"],"_links":{"self":[{"href":"https:\/\/soppaaijja.fi\/index.php?rest_route=\/wp\/v2\/pages\/356","targetHints":{"allow":["GET"]}}],"collection":[{"href":"https:\/\/soppaaijja.fi\/index.php?rest_route=\/wp\/v2\/pages"}],"about":[{"href":"https:\/\/soppaaijja.fi\/index.php?rest_route=\/wp\/v2\/types\/page"}],"author":[{"embeddable":true,"href":"https:\/\/soppaaijja.fi\/index.php?rest_route=\/wp\/v2\/users\/2"}],"replies":[{"embeddable":true,"href":"https:\/\/soppaaijja.fi\/index.php?rest_route=%2Fwp%2Fv2%2Fcomments&post=356"}],"version-history":[{"count":5,"href":"https:\/\/soppaaijja.fi\/index.php?rest_route=\/wp\/v2\/pages\/356\/revisions"}],"predecessor-version":[{"id":438,"href":"https:\/\/soppaaijja.fi\/index.php?rest_route=\/wp\/v2\/pages\/356\/revisions\/438"}],"wp:attachment":[{"href":"https:\/\/soppaaijja.fi\/index.php?rest_route=%2Fwp%2Fv2%2Fmedia&parent=356"}],"curies":[{"name":"wp","href":"https:\/\/api.w.org\/{rel}","templated":true}]}}