{"id":348,"date":"2025-05-30T04:23:25","date_gmt":"2025-05-30T04:23:25","guid":{"rendered":"https:\/\/soppaaijja.fi\/?page_id=348"},"modified":"2025-08-22T07:43:12","modified_gmt":"2025-08-22T07:43:12","slug":"hodarivaunu","status":"publish","type":"page","link":"https:\/\/soppaaijja.fi\/?page_id=348","title":{"rendered":"HODARIVAUNU"},"content":{"rendered":"\n<div class=\"wp-block-columns has-border-color is-layout-flex wp-container-core-columns-is-layout-5ed3fcd6 wp-block-columns-is-layout-flex\" style=\"border-color:var(--ast-global-color-3);border-width:1px;border-radius:10px;margin-top:var(--wp--preset--spacing--20);margin-bottom:var(--wp--preset--spacing--20);padding-top:0;padding-right:0;padding-bottom:0;padding-left:0\">\n<div class=\"wp-block-column is-layout-flow wp-block-column-is-layout-flow\" style=\"padding-top:var(--wp--preset--spacing--50);padding-right:var(--wp--preset--spacing--50);padding-bottom:var(--wp--preset--spacing--50);padding-left:var(--wp--preset--spacing--50)\"><div class=\"n2-section-smartslider fitvidsignore  n2_clear\" data-ssid=\"6\"><div id=\"n2-ss-6-align\" class=\"n2-ss-align\"><div class=\"n2-padding\"><div id=\"n2-ss-6\" data-creator=\"Smart Slider 3\" data-responsive=\"auto\" class=\"n2-ss-slider n2-ow n2-has-hover n2notransition  \"><div class=\"n2-ss-slider-wrapper-inside\">\n        <div class=\"n2-ss-slider-1 n2_ss__touch_element n2-ow\">\n            <div class=\"n2-ss-slider-2 n2-ow\">\n                                                <div class=\"n2-ss-slider-3 n2-ow\">\n\n                    <div class=\"n2-ss-slide-backgrounds n2-ow-all\"><div class=\"n2-ss-slide-background\" data-public-id=\"1\" data-mode=\"fill\"><div class=\"n2-ss-slide-background-image\" data-blur=\"0\" data-opacity=\"100\" data-x=\"50\" data-y=\"50\" data-alt=\"\" data-title=\"\"><picture class=\"skip-lazy\" data-skip-lazy=\"1\"><img decoding=\"async\" src=\"\/\/soppaaijja.fi\/wp-content\/uploads\/2025\/08\/hodari2.jpg\" alt=\"\" title=\"\" loading=\"lazy\" class=\"skip-lazy\" data-skip-lazy=\"1\"><\/picture><\/div><div data-color=\"RGBA(255,255,255,0)\" style=\"background-color: RGBA(255,255,255,0);\" class=\"n2-ss-slide-background-color\"><\/div><\/div><div class=\"n2-ss-slide-background\" data-public-id=\"2\" data-mode=\"fill\" aria-hidden=\"true\"><div class=\"n2-ss-slide-background-image\" data-blur=\"0\" data-opacity=\"100\" data-x=\"50\" data-y=\"50\" data-alt=\"\" data-title=\"\"><picture class=\"skip-lazy\" data-skip-lazy=\"1\"><img decoding=\"async\" src=\"\/\/soppaaijja.fi\/wp-content\/uploads\/2025\/08\/hodari1.jpg\" alt=\"\" title=\"\" loading=\"lazy\" class=\"skip-lazy\" data-skip-lazy=\"1\"><\/picture><\/div><div data-color=\"RGBA(255,255,255,0)\" style=\"background-color: RGBA(255,255,255,0);\" class=\"n2-ss-slide-background-color\"><\/div><\/div><\/div>                    <div class=\"n2-ss-slider-4 n2-ow\">\n                        <svg xmlns=\"http:\/\/www.w3.org\/2000\/svg\" viewBox=\"0 0 800 800\" data-related-device=\"desktopPortrait\" class=\"n2-ow n2-ss-preserve-size n2-ss-preserve-size--slider n2-ss-slide-limiter\"><\/svg><div data-first=\"1\" data-slide-duration=\"0\" data-id=\"35\" data-slide-public-id=\"1\" data-title=\"hodari2\" class=\"n2-ss-slide n2-ow  n2-ss-slide-35\"><div role=\"note\" class=\"n2-ss-slide--focus\" tabindex=\"-1\">hodari2<\/div><div class=\"n2-ss-layers-container n2-ss-slide-limiter n2-ow\"><div class=\"n2-ss-layer n2-ow n-uc-04a6O0lMoHRs\" data-sstype=\"slide\" data-pm=\"default\"><\/div><\/div><\/div><div data-slide-duration=\"0\" data-id=\"36\" data-slide-public-id=\"2\" aria-hidden=\"true\" data-title=\"hodari1\" class=\"n2-ss-slide n2-ow  n2-ss-slide-36\"><div role=\"note\" class=\"n2-ss-slide--focus\" tabindex=\"-1\">hodari1<\/div><div class=\"n2-ss-layers-container n2-ss-slide-limiter n2-ow\"><div class=\"n2-ss-layer n2-ow n-uc-EBfzV6bjJOXA\" data-sstype=\"slide\" data-pm=\"default\"><\/div><\/div><\/div>                    <\/div>\n\n                                    <\/div>\n            <\/div>\n        <\/div>\n        <div class=\"n2-ss-slider-controls n2-ss-slider-controls-absolute-left-center\"><div style=\"--widget-offset:15px;\" class=\"n2-ss-widget nextend-arrow n2-ow-all nextend-arrow-previous  nextend-arrow-animated-fade\" data-hide-mobileportrait=\"1\" id=\"n2-ss-6-arrow-previous\" role=\"button\" aria-label=\"previous arrow\" tabindex=\"0\"><img loading=\"lazy\" decoding=\"async\" width=\"32\" height=\"32\" class=\"skip-lazy\" data-skip-lazy=\"1\" src=\"data:image\/svg+xml;base64,PHN2ZyB3aWR0aD0iMzIiIGhlaWdodD0iMzIiIHZpZXdCb3g9IjAgMCAzMiAzMiIgeG1sbnM9Imh0dHA6Ly93d3cudzMub3JnLzIwMDAvc3ZnIj4KICAgIDxwYXRoIGQ9Ik0xMS40MzMgMTUuOTkyTDIyLjY5IDUuNzEyYy4zOTMtLjM5LjM5My0xLjAzIDAtMS40Mi0uMzkzLS4zOS0xLjAzLS4zOS0xLjQyMyAwbC0xMS45OCAxMC45NGMtLjIxLjIxLS4zLjQ5LS4yODUuNzYtLjAxNS4yOC4wNzUuNTYuMjg0Ljc3bDExLjk4IDEwLjk0Yy4zOTMuMzkgMS4wMy4zOSAxLjQyNCAwIC4zOTMtLjQuMzkzLTEuMDMgMC0xLjQybC0xMS4yNTctMTAuMjkiCiAgICAgICAgICBmaWxsPSIjZmZmZmZmIiBvcGFjaXR5PSIwLjgiIGZpbGwtcnVsZT0iZXZlbm9kZCIvPgo8L3N2Zz4=\" alt=\"previous arrow\"><\/div><\/div><div class=\"n2-ss-slider-controls n2-ss-slider-controls-absolute-right-center\"><div style=\"--widget-offset:15px;\" class=\"n2-ss-widget nextend-arrow n2-ow-all nextend-arrow-next  nextend-arrow-animated-fade\" data-hide-mobileportrait=\"1\" id=\"n2-ss-6-arrow-next\" role=\"button\" aria-label=\"next arrow\" tabindex=\"0\"><img loading=\"lazy\" decoding=\"async\" width=\"32\" height=\"32\" class=\"skip-lazy\" data-skip-lazy=\"1\" src=\"data:image\/svg+xml;base64,PHN2ZyB3aWR0aD0iMzIiIGhlaWdodD0iMzIiIHZpZXdCb3g9IjAgMCAzMiAzMiIgeG1sbnM9Imh0dHA6Ly93d3cudzMub3JnLzIwMDAvc3ZnIj4KICAgIDxwYXRoIGQ9Ik0xMC43MjIgNC4yOTNjLS4zOTQtLjM5LTEuMDMyLS4zOS0xLjQyNyAwLS4zOTMuMzktLjM5MyAxLjAzIDAgMS40MmwxMS4yODMgMTAuMjgtMTEuMjgzIDEwLjI5Yy0uMzkzLjM5LS4zOTMgMS4wMiAwIDEuNDIuMzk1LjM5IDEuMDMzLjM5IDEuNDI3IDBsMTIuMDA3LTEwLjk0Yy4yMS0uMjEuMy0uNDkuMjg0LS43Ny4wMTQtLjI3LS4wNzYtLjU1LS4yODYtLjc2TDEwLjcyIDQuMjkzeiIKICAgICAgICAgIGZpbGw9IiNmZmZmZmYiIG9wYWNpdHk9IjAuOCIgZmlsbC1ydWxlPSJldmVub2RkIi8+Cjwvc3ZnPg==\" alt=\"next arrow\"><\/div><\/div><\/div><\/div><ss3-loader><\/ss3-loader><\/div><\/div><div class=\"n2_clear\"><\/div><\/div><\/div>\n\n\n\n<div class=\"wp-block-column is-layout-flow wp-container-core-column-is-layout-e98fa9eb wp-block-column-is-layout-flow\" style=\"padding-top:var(--wp--preset--spacing--40);padding-right:var(--wp--preset--spacing--40);padding-bottom:var(--wp--preset--spacing--40);padding-left:var(--wp--preset--spacing--40);line-height:1\">\n<h3 class=\"wp-block-heading has-text-align-center\" style=\"margin-top:var(--wp--preset--spacing--20);margin-right:var(--wp--preset--spacing--20);margin-bottom:var(--wp--preset--spacing--20);margin-left:var(--wp--preset--spacing--20)\">HODARIVAUNU<\/h3>\n\n\n\n<p class=\"has-black-color has-text-color has-link-color wp-elements-519e488dc1b2994bc18ab5f5d1734512\" style=\"padding-top:var(--wp--preset--spacing--20);padding-right:var(--wp--preset--spacing--20);padding-bottom:var(--wp--preset--spacing--20);padding-left:var(--wp--preset--spacing--20);line-height:1.5\">Soppa \u00c4ijj\u00e4n hodarivaunun voit l\u00f6yt\u00e4\u00e4 eri tapahtumista ja toreilta. Ota facebook \u2013sivumme seurantaan, sielt\u00e4 l\u00f6yd\u00e4t keikkakalenterin, josta n\u00e4et mist\u00e4 hodarivaunun l\u00f6yt\u00e4\u00e4. Voit tilata hodarivaunun my\u00f6s omaan yksityistilaisuuteesi. Hinta alkaen 450 euroa (sis. alv).<\/p>\n\n\n\n<p class=\"has-black-color has-text-color has-link-color wp-elements-71550f0579058cc45a125f07b457a488\"><strong>ALLA AINUTLAATUISET, LIHAISAT VAKIOTUOTTEEMME:<\/strong><\/p>\n\n\n\n<div class=\"wp-block-group has-ast-global-color-5-background-color has-background is-layout-constrained wp-container-core-group-is-layout-afcdfa98 wp-block-group-is-layout-constrained\" style=\"border-width:1px;border-radius:10px;margin-bottom:var(--wp--preset--spacing--20);padding-top:var(--wp--preset--spacing--20);padding-right:var(--wp--preset--spacing--20);padding-bottom:var(--wp--preset--spacing--20);padding-left:var(--wp--preset--spacing--20)\">\n<p class=\"has-black-color has-text-color has-link-color wp-elements-cf938a293549f6ab57ed5d144a79f1e3\" style=\"line-height:1\"><strong>\u00c4IJJ\u00c4 HOTDOG<\/strong><\/p>\n\n\n\n<p class=\"has-black-color has-text-color has-link-color wp-elements-09b11a2af3a75c297a91cec9d2d72bcf\" style=\"line-height:1\">SKL:n herkuttelijan nakki 1 kpl<\/p>\n\n\n\n<p class=\"has-black-color has-text-color has-link-color wp-elements-26fa3a1ca34282bf36efd6b6d1fa463d\">ketsuppi, sinappi, kurkkusalaatti, paahdettu sipuli, majoneesi<\/p>\n\n\n\n<p class=\"has-black-color has-text-color has-link-color wp-elements-8af1b318571784e2869a8050b90d8cf0\" style=\"line-height:1\">6 \u20ac<\/p>\n<\/div>\n\n\n\n<div class=\"wp-block-group has-ast-global-color-5-background-color has-background is-layout-constrained wp-container-core-group-is-layout-407f7fb0 wp-block-group-is-layout-constrained\" style=\"border-width:1px;border-radius:10px;margin-top:var(--wp--preset--spacing--20);margin-bottom:var(--wp--preset--spacing--20);padding-top:var(--wp--preset--spacing--20);padding-right:var(--wp--preset--spacing--20);padding-bottom:var(--wp--preset--spacing--20);padding-left:var(--wp--preset--spacing--20);line-height:1\">\n<p class=\"has-black-color has-text-color has-link-color wp-elements-0e3c2d5ed71c22441f2b4e6da4742c86\" style=\"line-height:1\"><strong>CHEDDAR-JALAPENO HOT DOG <\/strong><\/p>\n\n\n\n<p class=\"has-black-color has-text-color has-link-color wp-elements-51d489eec43519a857999792ec6c5d8e\" style=\"line-height:1\">SKL:n Cheddar-Jalapeno nakki 2 kpl<\/p>\n\n\n\n<p class=\"has-black-color has-text-color has-link-color wp-elements-2c2a4afb84ed56579198830e33dcadd5\">ketsuppi, sinappi, kurkkusalaatti, paahdettu sipuli, pikkel\u00f6ity punasipuli, majoneesi<\/p>\n\n\n\n<p class=\"has-black-color has-text-color has-link-color wp-elements-ab6c2995bd65dddda8b598e8aa3676b5\" style=\"line-height:1\">8 \u20ac<\/p>\n<\/div>\n\n\n\n<div class=\"wp-block-group has-ast-global-color-5-background-color has-background is-layout-constrained wp-container-core-group-is-layout-77f0a333 wp-block-group-is-layout-constrained\" style=\"border-width:1px;border-radius:10px;margin-bottom:var(--wp--preset--spacing--20);padding-top:var(--wp--preset--spacing--20);padding-right:var(--wp--preset--spacing--20);padding-bottom:var(--wp--preset--spacing--20);padding-left:var(--wp--preset--spacing--20);line-height:1\">\n<p class=\"has-black-color has-text-color has-link-color wp-elements-fbafa013b4255ba3d439e919b147b2b5\" style=\"line-height:1\"><strong>HOT DOG SAVO<\/strong><\/p>\n\n\n\n<p class=\"has-black-color has-text-color has-link-color wp-elements-36e94bfd5365f7cb32d5ac8b69efdfc1\" style=\"line-height:1\"> SKL:n herkuttelijan nakki 1 kpl<\/p>\n\n\n\n<p class=\"has-black-color has-text-color has-link-color wp-elements-2cfdc0d935468c99419391c243212e91\" style=\"line-height:1\"> nyht\u00f6possu tai savustettu pekoni <\/p>\n\n\n\n<p class=\"has-black-color has-text-color has-link-color wp-elements-6602a938e352653f3512d08748e7a96e\" style=\"line-height:1.5\">ketsuppi, sinappi, kurkkusalaatti, paahdettu sipuli, pikkel\u00f6ity punasipuli, majoneesi<\/p>\n\n\n\n<p class=\"has-black-color has-text-color has-link-color wp-elements-adb8e2845aaefc9a304308473a3a899b\" style=\"line-height:1\">10 \u20ac<\/p>\n<\/div>\n\n\n\n<div class=\"wp-block-group has-ast-global-color-5-background-color has-background is-layout-constrained wp-container-core-group-is-layout-3c302838 wp-block-group-is-layout-constrained\" style=\"border-width:1px;border-radius:10px;padding-top:var(--wp--preset--spacing--20);padding-right:var(--wp--preset--spacing--20);padding-bottom:var(--wp--preset--spacing--20);padding-left:var(--wp--preset--spacing--20);line-height:1\">\n<p class=\"has-black-color has-text-color has-link-color wp-elements-01443d7c786f05c03bf55425a45e0bb5\" style=\"line-height:1\"><strong>HOT DOG VEGE<\/strong><\/p>\n\n\n\n<p class=\"has-black-color has-text-color has-link-color wp-elements-4622511cbd21f2fc66cf78ce38673e7b\" style=\"line-height:1\"> vegenakki <\/p>\n\n\n\n<p class=\"has-black-color has-text-color has-link-color wp-elements-2d82d915994562c14ae75307c00923ee\" style=\"line-height:1\">ketsuppi, sinappi, kurkkusalaatti, paahdettu sipuli,&nbsp;pikkel\u00f6ity punasipuli<\/p>\n\n\n\n<p class=\"has-black-color has-text-color has-link-color wp-elements-3c338004c3f654606f0f43b82b0e7220\" style=\"line-height:1\">8\u20ac<\/p>\n<\/div>\n<\/div>\n<\/div>\n\n\n\n<p><\/p>\n\n\n\n<p><\/p>\n","protected":false},"excerpt":{"rendered":"<p>HODARIVAUNU Soppa \u00c4ijj\u00e4n hodarivaunun voit l\u00f6yt\u00e4\u00e4 eri tapahtumista ja toreilta. Ota facebook \u2013sivumme seurantaan, sielt\u00e4 l\u00f6yd\u00e4t keikkakalenterin, josta n\u00e4et mist\u00e4 [&hellip;]<\/p>\n","protected":false},"author":2,"featured_media":0,"parent":0,"menu_order":0,"comment_status":"closed","ping_status":"closed","template":"","meta":{"site-sidebar-layout":"default","site-content-layout":"","ast-site-content-layout":"","site-content-style":"default","site-sidebar-style":"default","ast-global-header-display":"","ast-banner-title-visibility":"","ast-main-header-display":"","ast-hfb-above-header-display":"","ast-hfb-below-header-display":"","ast-hfb-mobile-header-display":"","site-post-title":"disabled","ast-breadcrumbs-content":"","ast-featured-img":"","footer-sml-layout":"","theme-transparent-header-meta":"","adv-header-id-meta":"","stick-header-meta":"","header-above-stick-meta":"","header-main-stick-meta":"","header-below-stick-meta":"","astra-migrate-meta-layouts":"default","ast-page-background-enabled":"default","ast-page-background-meta":{"desktop":{"background-color":"var(--ast-global-color-4)","background-image":"","background-repeat":"repeat","background-position":"center center","background-size":"auto","background-attachment":"scroll","background-type":"","background-media":"","overlay-type":"","overlay-color":"","overlay-opacity":"","overlay-gradient":""},"tablet":{"background-color":"","background-image":"","background-repeat":"repeat","background-position":"center center","background-size":"auto","background-attachment":"scroll","background-type":"","background-media":"","overlay-type":"","overlay-color":"","overlay-opacity":"","overlay-gradient":""},"mobile":{"background-color":"","background-image":"","background-repeat":"repeat","background-position":"center center","background-size":"auto","background-attachment":"scroll","background-type":"","background-media":"","overlay-type":"","overlay-color":"","overlay-opacity":"","overlay-gradient":""}},"ast-content-background-meta":{"desktop":{"background-color":"var(--ast-global-color-5)","background-image":"","background-repeat":"repeat","background-position":"center center","background-size":"auto","background-attachment":"scroll","background-type":"","background-media":"","overlay-type":"","overlay-color":"","overlay-opacity":"","overlay-gradient":""},"tablet":{"background-color":"var(--ast-global-color-5)","background-image":"","background-repeat":"repeat","background-position":"center center","background-size":"auto","background-attachment":"scroll","background-type":"","background-media":"","overlay-type":"","overlay-color":"","overlay-opacity":"","overlay-gradient":""},"mobile":{"background-color":"var(--ast-global-color-5)","background-image":"","background-repeat":"repeat","background-position":"center center","background-size":"auto","background-attachment":"scroll","background-type":"","background-media":"","overlay-type":"","overlay-color":"","overlay-opacity":"","overlay-gradient":""}},"footnotes":""},"class_list":["post-348","page","type-page","status-publish","hentry"],"_links":{"self":[{"href":"https:\/\/soppaaijja.fi\/index.php?rest_route=\/wp\/v2\/pages\/348","targetHints":{"allow":["GET"]}}],"collection":[{"href":"https:\/\/soppaaijja.fi\/index.php?rest_route=\/wp\/v2\/pages"}],"about":[{"href":"https:\/\/soppaaijja.fi\/index.php?rest_route=\/wp\/v2\/types\/page"}],"author":[{"embeddable":true,"href":"https:\/\/soppaaijja.fi\/index.php?rest_route=\/wp\/v2\/users\/2"}],"replies":[{"embeddable":true,"href":"https:\/\/soppaaijja.fi\/index.php?rest_route=%2Fwp%2Fv2%2Fcomments&post=348"}],"version-history":[{"count":31,"href":"https:\/\/soppaaijja.fi\/index.php?rest_route=\/wp\/v2\/pages\/348\/revisions"}],"predecessor-version":[{"id":412,"href":"https:\/\/soppaaijja.fi\/index.php?rest_route=\/wp\/v2\/pages\/348\/revisions\/412"}],"wp:attachment":[{"href":"https:\/\/soppaaijja.fi\/index.php?rest_route=%2Fwp%2Fv2%2Fmedia&parent=348"}],"curies":[{"name":"wp","href":"https:\/\/api.w.org\/{rel}","templated":true}]}}