{"id":334,"date":"2025-03-09T10:35:35","date_gmt":"2025-03-09T10:35:35","guid":{"rendered":"https:\/\/soppaaijja.fi\/?page_id=334"},"modified":"2026-01-27T10:35:06","modified_gmt":"2026-01-27T10:35:06","slug":"yhteistyokumppanit","status":"publish","type":"page","link":"https:\/\/soppaaijja.fi\/?page_id=334","title":{"rendered":"YHTEISTY\u00d6KUMPPANIT"},"content":{"rendered":"\n<div class=\"wp-block-group is-layout-constrained wp-block-group-is-layout-constrained\" style=\"border-width:1px;border-radius:5px\">\n<div class=\"wp-block-media-text is-stacked-on-mobile\" style=\"grid-template-columns:20% auto\"><figure class=\"wp-block-media-text__media\"><img loading=\"lazy\" decoding=\"async\" width=\"601\" height=\"898\" src=\"https:\/\/soppaaijja.fi\/wp-content\/uploads\/2025\/11\/kalpatehoketju25-26.jpg\" alt=\"\" class=\"wp-image-426 size-full\" srcset=\"https:\/\/soppaaijja.fi\/wp-content\/uploads\/2025\/11\/kalpatehoketju25-26.jpg 601w, https:\/\/soppaaijja.fi\/wp-content\/uploads\/2025\/11\/kalpatehoketju25-26-201x300.jpg 201w\" sizes=\"auto, (max-width: 601px) 100vw, 601px\" \/><\/figure><div class=\"wp-block-media-text__content\">\n<p class=\"has-ast-global-color-8-color has-text-color has-link-color has-medium-font-size wp-elements-8958eaa632e65f4f1ac0aa2ada0534ec\">Olemme tukemassa Kalpan matkaa uuteen mestaruuteen<\/p>\n<\/div><\/div>\n\n\n\n<p class=\"has-black-color has-text-color has-link-color has-medium-font-size wp-elements-a3d617f568a524d8b2e8c49a2304e504\"><a href=\"https:\/\/soppatykki.fi\/\" data-type=\"link\" data-id=\"https:\/\/soppatykki.fi\/\" target=\"_blank\" rel=\"noreferrer noopener\">Soppatykki.fi<\/a> <br>Meilt\u00e4 l\u00f6ytyy yhteisty\u00f6kumppani, jonka p\u00e4\u00e4s\u00e4\u00e4nt\u00f6sen\u00e4 palvelualueena on:<br>Uusimaa, Kanta\/P\u00e4ij\u00e4t-H\u00e4me, Varsinais-Suomi, Pirkanmaa. Suuremmat<br>tapahtumat voimme toteuttaa yhteisty\u00f6ss\u00e4, kalustoa ja kapasiteettia<br>l\u00f6ytyy.<\/p>\n\n\n\n<p class=\"has-black-color has-text-color has-link-color has-medium-font-size wp-elements-9a7005e2de9edda02782f627a04324e1\"><a href=\"http:\/\/joupet.com\" data-type=\"link\" data-id=\"joupet.com\" target=\"_blank\" rel=\"noreferrer noopener\">Joupet.com<\/a><br>Soppa \u00c4ijj\u00e4n yleisilme on suunniteltu yhteisty\u00f6ss\u00e4 Joupet.com kanssa<br>Soppa \u00c4ijj\u00e4n mainostuotteet valmistaa ja toteuttaa Joupet.com.<\/p>\n\n\n\n<p class=\"has-black-color has-text-color has-link-color has-medium-font-size wp-elements-472e965e27d46d15018b4ac31a911f6e\"><a href=\"http:\/\/savokarjalanliha.fi\" data-type=\"link\" data-id=\"savokarjalanliha.fi\" target=\"_blank\" rel=\"noreferrer noopener\">Savokarjalanliha.fi<\/a><br>Soppa \u00c4ijj\u00e4n grillattavat grillerit ja hodarivaunun nakit valmistaa Savo-Karjalan Liha Oy Kuopiossa. Oikkeesti hyvvee l\u00e4helt\u00e4!<br><\/p>\n\n\n\n<p class=\"has-black-color has-text-color has-link-color has-medium-font-size wp-elements-a334414faba81acbc992db84fe4a212c\">Antinm\u00e4en tila Kaavi, Kortteinen<br>Soppa \u00c4ijj\u00e4ll\u00e4 myynniss\u00e4 Antinm\u00e4en tilan yl\u00e4maan nautalihas\u00e4ilykkeet. My\u00f6s muita yl\u00e4maan nautalihatuotteita (pakasteena) voi ostaa suoraan tilalta. Tero R\u00e4s\u00e4nen, puh. 040 5933017<br><\/p>\n\n\n\n<div class=\"wp-block-group has-medium-font-size is-layout-constrained wp-block-group-is-layout-constrained\">\n<p class=\"has-black-color has-text-color has-link-color wp-elements-a75c262f24fbc7fc51e7e883eae7f53b\">Olemme olleet mukana ja tukemassa mm.<\/p>\n\n\n\n<p class=\"has-black-color has-text-color has-link-color wp-elements-c439719b3168943b9cbc7f8be897ef4a\">-Tuusniemen uuden vuoden tapahtuman hyv\u00e4ntekev\u00e4isyysruokailu\u00a031.12.2025<br>-Yst\u00e4v\u00e4np\u00e4iv\u00e4tapahtuma Tuusniemell\u00e4 (2024 ja 2025)<br>-Voutilainen Motorsport (kausi 2024)<br>-SPR Tuusniemi, hyv\u00e4ntekev\u00e4isyys ruokailu (2024)<br>-Tuusniemen Hevosyst\u00e4v\u00e4inseura (Juhlavetokisat 2024)<br>-Hojo Hojo Ralli Tuusniemi (2024)<br>-Hojo Hojo venetsialaiset ilotulitusn\u00e4yt\u00f6s (2024)<br>-Tuusniemen uudenvuoden ilotulitusn\u00e4yt\u00f6s (2023 ja 2025)<br>-Hotelli IsoValkeinen SM-Ralli Kuopio (2025)<br>-Partion Lentopallokarpaasit Outokumpu Tuplaottelu, otteluis\u00e4nnyys(2025)<br>-Must One&#8217;s Racing Team, Jesse Mustonen 100Club (2025)<\/p>\n<\/div>\n<\/div>\n","protected":false},"excerpt":{"rendered":"<p>Olemme tukemassa Kalpan matkaa uuteen mestaruuteen Soppatykki.fi Meilt\u00e4 l\u00f6ytyy yhteisty\u00f6kumppani, jonka p\u00e4\u00e4s\u00e4\u00e4nt\u00f6sen\u00e4 palvelualueena on:Uusimaa, Kanta\/P\u00e4ij\u00e4t-H\u00e4me, Varsinais-Suomi, Pirkanmaa. Suuremmattapahtumat voimme toteuttaa [&hellip;]<\/p>\n","protected":false},"author":2,"featured_media":0,"parent":0,"menu_order":0,"comment_status":"closed","ping_status":"closed","template":"","meta":{"site-sidebar-layout":"default","site-content-layout":"","ast-site-content-layout":"","site-content-style":"default","site-sidebar-style":"default","ast-global-header-display":"","ast-banner-title-visibility":"","ast-main-header-display":"","ast-hfb-above-header-display":"","ast-hfb-below-header-display":"","ast-hfb-mobile-header-display":"","site-post-title":"","ast-breadcrumbs-content":"","ast-featured-img":"","footer-sml-layout":"","theme-transparent-header-meta":"","adv-header-id-meta":"","stick-header-meta":"","header-above-stick-meta":"","header-main-stick-meta":"","header-below-stick-meta":"","astra-migrate-meta-layouts":"default","ast-page-background-enabled":"default","ast-page-background-meta":{"desktop":{"background-color":"var(--ast-global-color-4)","background-image":"","background-repeat":"repeat","background-position":"center center","background-size":"auto","background-attachment":"scroll","background-type":"","background-media":"","overlay-type":"","overlay-color":"","overlay-opacity":"","overlay-gradient":""},"tablet":{"background-color":"","background-image":"","background-repeat":"repeat","background-position":"center center","background-size":"auto","background-attachment":"scroll","background-type":"","background-media":"","overlay-type":"","overlay-color":"","overlay-opacity":"","overlay-gradient":""},"mobile":{"background-color":"","background-image":"","background-repeat":"repeat","background-position":"center center","background-size":"auto","background-attachment":"scroll","background-type":"","background-media":"","overlay-type":"","overlay-color":"","overlay-opacity":"","overlay-gradient":""}},"ast-content-background-meta":{"desktop":{"background-color":"var(--ast-global-color-5)","background-image":"","background-repeat":"repeat","background-position":"center center","background-size":"auto","background-attachment":"scroll","background-type":"","background-media":"","overlay-type":"","overlay-color":"","overlay-opacity":"","overlay-gradient":""},"tablet":{"background-color":"var(--ast-global-color-5)","background-image":"","background-repeat":"repeat","background-position":"center center","background-size":"auto","background-attachment":"scroll","background-type":"","background-media":"","overlay-type":"","overlay-color":"","overlay-opacity":"","overlay-gradient":""},"mobile":{"background-color":"var(--ast-global-color-5)","background-image":"","background-repeat":"repeat","background-position":"center center","background-size":"auto","background-attachment":"scroll","background-type":"","background-media":"","overlay-type":"","overlay-color":"","overlay-opacity":"","overlay-gradient":""}},"footnotes":""},"class_list":["post-334","page","type-page","status-publish","hentry"],"_links":{"self":[{"href":"https:\/\/soppaaijja.fi\/index.php?rest_route=\/wp\/v2\/pages\/334","targetHints":{"allow":["GET"]}}],"collection":[{"href":"https:\/\/soppaaijja.fi\/index.php?rest_route=\/wp\/v2\/pages"}],"about":[{"href":"https:\/\/soppaaijja.fi\/index.php?rest_route=\/wp\/v2\/types\/page"}],"author":[{"embeddable":true,"href":"https:\/\/soppaaijja.fi\/index.php?rest_route=\/wp\/v2\/users\/2"}],"replies":[{"embeddable":true,"href":"https:\/\/soppaaijja.fi\/index.php?rest_route=%2Fwp%2Fv2%2Fcomments&post=334"}],"version-history":[{"count":8,"href":"https:\/\/soppaaijja.fi\/index.php?rest_route=\/wp\/v2\/pages\/334\/revisions"}],"predecessor-version":[{"id":443,"href":"https:\/\/soppaaijja.fi\/index.php?rest_route=\/wp\/v2\/pages\/334\/revisions\/443"}],"wp:attachment":[{"href":"https:\/\/soppaaijja.fi\/index.php?rest_route=%2Fwp%2Fv2%2Fmedia&parent=334"}],"curies":[{"name":"wp","href":"https:\/\/api.w.org\/{rel}","templated":true}]}}