{"id":218,"date":"2025-02-09T11:45:01","date_gmt":"2025-02-09T11:45:01","guid":{"rendered":"https:\/\/soppaaijja.fi\/?page_id=218"},"modified":"2025-05-30T04:45:36","modified_gmt":"2025-05-30T04:45:36","slug":"service","status":"publish","type":"page","link":"https:\/\/soppaaijja.fi\/?page_id=218","title":{"rendered":"SOPPA \u00c4IJJ\u00c4 SERVICE"},"content":{"rendered":"\n<h2 class=\"wp-block-heading has-text-align-center\" style=\"margin-top:var(--wp--preset--spacing--30);margin-bottom:var(--wp--preset--spacing--20)\">SOPPA \u00c4IJJ\u00c4 SERVICE<\/h2>\n\n\n\n<div class=\"wp-block-columns is-layout-flex wp-container-core-columns-is-layout-81684059 wp-block-columns-is-layout-flex\" style=\"border-width:1px;border-radius:5px;margin-top:var(--wp--preset--spacing--20);margin-bottom:var(--wp--preset--spacing--40)\">\n<div class=\"wp-block-column is-layout-flow wp-block-column-is-layout-flow\">\n<div class=\"wp-block-group is-vertical is-layout-flex wp-container-core-group-is-layout-fe9cc265 wp-block-group-is-layout-flex\">\n<p class=\"has-black-color has-text-color has-link-color wp-elements-59efd9baad2bbe017a89e1373fa1666e\" style=\"padding-top:var(--wp--preset--spacing--20);padding-right:var(--wp--preset--spacing--20);padding-bottom:var(--wp--preset--spacing--20);padding-left:var(--wp--preset--spacing--20)\">-Renkaanvaihtopalvelut ja rengashotelli<br>-Kausis\u00e4ilytyst\u00e4<br>-Autojen k\u00e4sinpesut ja sis\u00e4puhdistukset<br>-Uusien &amp; k\u00e4ytettyjen ty\u00f6kalujen ja varaosien myynti Tuusniemell\u00e4<br>Lis\u00e4ksi toteutamme my\u00f6s kiinteist\u00f6nhoitopalveluita, talonmiesty\u00f6t,<br>k\u00e4silumity\u00f6t, kattolumity\u00f6t ja nurmenleikkuut yms. Tuusniemell\u00e4 ja<br>l\u00e4hikunnissa.<br>Kiinteist\u00f6nhoitoty\u00f6t ovat kotitalousv\u00e4hennyskelpoisia.<br>Toimipisteemme sijaitsee osoitteessa Rinnetie 3, 71200 Tuusniemi, noin<br>1km Tuusniemen keskustasta. Palvelemme sopimuksen mukaan, sovithan<br>tapaamisesta aina etuk\u00e4teen.<\/p>\n\n\n\n<figure class=\"wp-block-image size-large is-resized has-custom-border\"><img loading=\"lazy\" decoding=\"async\" width=\"1024\" height=\"740\" src=\"https:\/\/soppaaijja.fi\/wp-content\/uploads\/2025\/03\/service-1-1024x740.jpg\" alt=\"\" class=\"wp-image-262\" style=\"border-radius:5px;width:558px;height:auto\" srcset=\"https:\/\/soppaaijja.fi\/wp-content\/uploads\/2025\/03\/service-1-1024x740.jpg 1024w, https:\/\/soppaaijja.fi\/wp-content\/uploads\/2025\/03\/service-1-300x217.jpg 300w, https:\/\/soppaaijja.fi\/wp-content\/uploads\/2025\/03\/service-1-768x555.jpg 768w, https:\/\/soppaaijja.fi\/wp-content\/uploads\/2025\/03\/service-1-1536x1110.jpg 1536w, https:\/\/soppaaijja.fi\/wp-content\/uploads\/2025\/03\/service-1-2048x1481.jpg 2048w\" sizes=\"auto, (max-width: 1024px) 100vw, 1024px\" \/><\/figure>\n<\/div>\n<\/div>\n\n\n\n<div class=\"wp-block-column is-layout-flow wp-block-column-is-layout-flow\">\n<figure class=\"wp-block-image aligncenter size-full is-resized has-custom-border\"><img loading=\"lazy\" decoding=\"async\" width=\"655\" height=\"960\" src=\"https:\/\/soppaaijja.fi\/wp-content\/uploads\/2025\/03\/service-2.jpg\" alt=\"\" class=\"wp-image-266\" style=\"border-radius:5px;width:523px;height:auto\" srcset=\"https:\/\/soppaaijja.fi\/wp-content\/uploads\/2025\/03\/service-2.jpg 655w, https:\/\/soppaaijja.fi\/wp-content\/uploads\/2025\/03\/service-2-205x300.jpg 205w\" sizes=\"auto, (max-width: 655px) 100vw, 655px\" \/><\/figure>\n<\/div>\n<\/div>\n\n\n\n<p><\/p>\n","protected":false},"excerpt":{"rendered":"<p>SOPPA \u00c4IJJ\u00c4 SERVICE -Renkaanvaihtopalvelut ja rengashotelli-Kausis\u00e4ilytyst\u00e4-Autojen k\u00e4sinpesut ja sis\u00e4puhdistukset-Uusien &amp; k\u00e4ytettyjen ty\u00f6kalujen ja varaosien myynti Tuusniemell\u00e4Lis\u00e4ksi toteutamme my\u00f6s kiinteist\u00f6nhoitopalveluita, talonmiesty\u00f6t,k\u00e4silumity\u00f6t, [&hellip;]<\/p>\n","protected":false},"author":2,"featured_media":0,"parent":0,"menu_order":0,"comment_status":"closed","ping_status":"closed","template":"","meta":{"site-sidebar-layout":"default","site-content-layout":"","ast-site-content-layout":"","site-content-style":"default","site-sidebar-style":"default","ast-global-header-display":"","ast-banner-title-visibility":"","ast-main-header-display":"","ast-hfb-above-header-display":"","ast-hfb-below-header-display":"","ast-hfb-mobile-header-display":"","site-post-title":"disabled","ast-breadcrumbs-content":"","ast-featured-img":"","footer-sml-layout":"","theme-transparent-header-meta":"","adv-header-id-meta":"","stick-header-meta":"","header-above-stick-meta":"","header-main-stick-meta":"","header-below-stick-meta":"","astra-migrate-meta-layouts":"default","ast-page-background-enabled":"default","ast-page-background-meta":{"desktop":{"background-color":"var(--ast-global-color-4)","background-image":"","background-repeat":"repeat","background-position":"center center","background-size":"auto","background-attachment":"scroll","background-type":"","background-media":"","overlay-type":"","overlay-color":"","overlay-opacity":"","overlay-gradient":""},"tablet":{"background-color":"","background-image":"","background-repeat":"repeat","background-position":"center center","background-size":"auto","background-attachment":"scroll","background-type":"","background-media":"","overlay-type":"","overlay-color":"","overlay-opacity":"","overlay-gradient":""},"mobile":{"background-color":"","background-image":"","background-repeat":"repeat","background-position":"center center","background-size":"auto","background-attachment":"scroll","background-type":"","background-media":"","overlay-type":"","overlay-color":"","overlay-opacity":"","overlay-gradient":""}},"ast-content-background-meta":{"desktop":{"background-color":"var(--ast-global-color-5)","background-image":"","background-repeat":"repeat","background-position":"center center","background-size":"auto","background-attachment":"scroll","background-type":"","background-media":"","overlay-type":"","overlay-color":"","overlay-opacity":"","overlay-gradient":""},"tablet":{"background-color":"var(--ast-global-color-5)","background-image":"","background-repeat":"repeat","background-position":"center center","background-size":"auto","background-attachment":"scroll","background-type":"","background-media":"","overlay-type":"","overlay-color":"","overlay-opacity":"","overlay-gradient":""},"mobile":{"background-color":"var(--ast-global-color-5)","background-image":"","background-repeat":"repeat","background-position":"center center","background-size":"auto","background-attachment":"scroll","background-type":"","background-media":"","overlay-type":"","overlay-color":"","overlay-opacity":"","overlay-gradient":""}},"footnotes":""},"class_list":["post-218","page","type-page","status-publish","hentry"],"_links":{"self":[{"href":"https:\/\/soppaaijja.fi\/index.php?rest_route=\/wp\/v2\/pages\/218","targetHints":{"allow":["GET"]}}],"collection":[{"href":"https:\/\/soppaaijja.fi\/index.php?rest_route=\/wp\/v2\/pages"}],"about":[{"href":"https:\/\/soppaaijja.fi\/index.php?rest_route=\/wp\/v2\/types\/page"}],"author":[{"embeddable":true,"href":"https:\/\/soppaaijja.fi\/index.php?rest_route=\/wp\/v2\/users\/2"}],"replies":[{"embeddable":true,"href":"https:\/\/soppaaijja.fi\/index.php?rest_route=%2Fwp%2Fv2%2Fcomments&post=218"}],"version-history":[{"count":14,"href":"https:\/\/soppaaijja.fi\/index.php?rest_route=\/wp\/v2\/pages\/218\/revisions"}],"predecessor-version":[{"id":361,"href":"https:\/\/soppaaijja.fi\/index.php?rest_route=\/wp\/v2\/pages\/218\/revisions\/361"}],"wp:attachment":[{"href":"https:\/\/soppaaijja.fi\/index.php?rest_route=%2Fwp%2Fv2%2Fmedia&parent=218"}],"curies":[{"name":"wp","href":"https:\/\/api.w.org\/{rel}","templated":true}]}}