{"id":191,"date":"2024-12-08T10:09:39","date_gmt":"2024-12-08T10:09:39","guid":{"rendered":"https:\/\/soppaaijja.fi\/?page_id=191"},"modified":"2026-01-27T10:34:00","modified_gmt":"2026-01-27T10:34:00","slug":"tarina","status":"publish","type":"page","link":"https:\/\/soppaaijja.fi\/?page_id=191","title":{"rendered":"TARINA"},"content":{"rendered":"\n<div class=\"wp-block-columns is-layout-flex wp-container-core-columns-is-layout-28f84493 wp-block-columns-is-layout-flex\">\n<div class=\"wp-block-column is-layout-flow wp-block-column-is-layout-flow\" style=\"border-width:1px;border-radius:10px;flex-basis:50%\">\n<h3 class=\"wp-block-heading has-text-align-center has-black-color has-text-color has-link-color wp-elements-098f3adebb776eb2fed27546b9dd8c13\" style=\"margin-top:var(--wp--preset--spacing--20)\">SOPPA \u00c4IJJ\u00c4N TARINA<\/h3>\n\n\n\n<p class=\"has-text-align-left has-black-color has-text-color has-link-color wp-elements-84f98c6ccf0746639665b0a2edd334f5\" style=\"border-style:none;border-width:0px;border-radius:10px;margin-top:0;margin-right:var(--wp--preset--spacing--20);margin-bottom:0;margin-left:var(--wp--preset--spacing--20);padding-top:0;padding-right:var(--wp--preset--spacing--20);padding-bottom:0;padding-left:var(--wp--preset--spacing--20)\">Soppa \u00c4ijj\u00e4 Jaakko Miettisen yritystoiminnan suunnittelu k\u00e4ynnistyi kev\u00e4\u00e4ll\u00e4 2023 ja toiminta starttasi toiminimell\u00e4 Jaakko E. Miettinen hein\u00e4kuun 2023 lopulla. Idea ruokapuolen yritystoiminnasta oli hautunut jo useamman vuoden ajan. Grillaaminen, kalan savustus ja ruoan laitto ovat olleet Jaakon intohimo. Er\u00e4\u00e4n\u00e4 p\u00e4iv\u00e4n\u00e4 Jaakon piti menn\u00e4 hakemaan autonrenkaita kaavilaiselta soppatykkiyritt\u00e4j\u00e4 Yrj\u00f6 Pimi\u00e4lt\u00e4. Mukaan tarttui muutakin \u2013 Yrj\u00f6n kuuluisa soppatykki. Soppatykki kauppojen my\u00f6t\u00e4 Yrj\u00f6 halusi siirt\u00e4\u00e4 yritystoimintansa nuoremmille.<br>Syksyll\u00e4 2024 Soppa \u00c4ijj\u00e4n liiketoiminta siirrettiin Jaakon toiminimelt\u00e4 uudelle osakeyhti\u00f6lle, joka toimii nyt Jema Street Food Oy:n\u00e4. Yrityksess\u00e4 on mukana Jaakon vaimo Anni, eli olemme nyky\u00e4\u00e4n It\u00e4suomalainen, Tuusniemel\u00e4inen perheyritys. Yhti\u00f6n virallinen aputoiminimi on Soppa \u00c4ijj\u00e4, jonka toimintaan kuuluu soppatykki, hodarivaunu, grillikeikat ja erilaiset tapahtumamuonitukset. Torimyyntikojumme, soppatykit ja hodarivaunun voi l\u00f6yt\u00e4\u00e4 vaikkapa markkinoilta ymp\u00e4ri Suomen. Myynniss\u00e4 on perinteisten markkinamakkaroiden lis\u00e4ksi mm. kalas\u00e4ilykkeit\u00e4 ja l\u00e4hell\u00e4 tuotettua kotimaista hunajaa.<br>Toisena aputoiminimen\u00e4 toimii Soppa \u00c4ijj\u00e4 Service, jonka toimintaan kuuluu kausis\u00e4ilytys\/ rengashotellitoiminta, renkaiden vaihtopalvelu, kiinteist\u00f6nhoitoty\u00f6t ja varaosamyynti Tuusniemell\u00e4.<br>Tmi: Jaakko E. Miettinen jatkaa toimintaansa mm. Tuusniemen torin kes\u00e4kioskilla.<\/p>\n<\/div>\n\n\n\n<div class=\"wp-block-column is-layout-flow wp-block-column-is-layout-flow\" style=\"flex-basis:50%\">\n<figure class=\"wp-block-image size-large has-custom-border\"><img loading=\"lazy\" decoding=\"async\" width=\"804\" height=\"1024\" src=\"https:\/\/soppaaijja.fi\/wp-content\/uploads\/2024\/12\/file-804x1024.png\" alt=\"\" class=\"wp-image-195\" style=\"border-radius:10px\" srcset=\"https:\/\/soppaaijja.fi\/wp-content\/uploads\/2024\/12\/file-804x1024.png 804w, https:\/\/soppaaijja.fi\/wp-content\/uploads\/2024\/12\/file-236x300.png 236w, https:\/\/soppaaijja.fi\/wp-content\/uploads\/2024\/12\/file-768x978.png 768w, https:\/\/soppaaijja.fi\/wp-content\/uploads\/2024\/12\/file.png 1080w\" sizes=\"auto, (max-width: 804px) 100vw, 804px\" \/><\/figure>\n<\/div>\n<\/div>\n\n\n\n<div class=\"wp-block-columns is-layout-flex wp-container-core-columns-is-layout-28f84493 wp-block-columns-is-layout-flex\">\n<div class=\"wp-block-column is-layout-flow wp-block-column-is-layout-flow\">\n<figure class=\"wp-block-image size-large is-resized has-custom-border\"><img loading=\"lazy\" decoding=\"async\" width=\"1024\" height=\"513\" src=\"https:\/\/soppaaijja.fi\/wp-content\/uploads\/2024\/11\/IMG_20230831_191017__01-1024x513.jpg\" alt=\"\" class=\"wp-image-59\" style=\"border-radius:10px;width:1140px;height:auto\" srcset=\"https:\/\/soppaaijja.fi\/wp-content\/uploads\/2024\/11\/IMG_20230831_191017__01-1024x513.jpg 1024w, https:\/\/soppaaijja.fi\/wp-content\/uploads\/2024\/11\/IMG_20230831_191017__01-300x150.jpg 300w, https:\/\/soppaaijja.fi\/wp-content\/uploads\/2024\/11\/IMG_20230831_191017__01-768x385.jpg 768w, https:\/\/soppaaijja.fi\/wp-content\/uploads\/2024\/11\/IMG_20230831_191017__01-1536x770.jpg 1536w, https:\/\/soppaaijja.fi\/wp-content\/uploads\/2024\/11\/IMG_20230831_191017__01-2048x1026.jpg 2048w\" sizes=\"auto, (max-width: 1024px) 100vw, 1024px\" \/><\/figure>\n<\/div>\n<\/div>\n\n\n\n<p><\/p>\n","protected":false},"excerpt":{"rendered":"<p>SOPPA \u00c4IJJ\u00c4N TARINA Soppa \u00c4ijj\u00e4 Jaakko Miettisen yritystoiminnan suunnittelu k\u00e4ynnistyi kev\u00e4\u00e4ll\u00e4 2023 ja toiminta starttasi toiminimell\u00e4 Jaakko E. Miettinen hein\u00e4kuun [&hellip;]<\/p>\n","protected":false},"author":2,"featured_media":0,"parent":0,"menu_order":0,"comment_status":"closed","ping_status":"closed","template":"","meta":{"site-sidebar-layout":"default","site-content-layout":"","ast-site-content-layout":"","site-content-style":"default","site-sidebar-style":"default","ast-global-header-display":"","ast-banner-title-visibility":"","ast-main-header-display":"","ast-hfb-above-header-display":"","ast-hfb-below-header-display":"","ast-hfb-mobile-header-display":"","site-post-title":"disabled","ast-breadcrumbs-content":"","ast-featured-img":"","footer-sml-layout":"","theme-transparent-header-meta":"","adv-header-id-meta":"","stick-header-meta":"","header-above-stick-meta":"","header-main-stick-meta":"","header-below-stick-meta":"","astra-migrate-meta-layouts":"default","ast-page-background-enabled":"default","ast-page-background-meta":{"desktop":{"background-color":"var(--ast-global-color-4)","background-image":"","background-repeat":"repeat","background-position":"center center","background-size":"auto","background-attachment":"scroll","background-type":"","background-media":"","overlay-type":"","overlay-color":"","overlay-opacity":"","overlay-gradient":""},"tablet":{"background-color":"","background-image":"","background-repeat":"repeat","background-position":"center center","background-size":"auto","background-attachment":"scroll","background-type":"","background-media":"","overlay-type":"","overlay-color":"","overlay-opacity":"","overlay-gradient":""},"mobile":{"background-color":"","background-image":"","background-repeat":"repeat","background-position":"center center","background-size":"auto","background-attachment":"scroll","background-type":"","background-media":"","overlay-type":"","overlay-color":"","overlay-opacity":"","overlay-gradient":""}},"ast-content-background-meta":{"desktop":{"background-color":"var(--ast-global-color-5)","background-image":"","background-repeat":"repeat","background-position":"center center","background-size":"auto","background-attachment":"scroll","background-type":"","background-media":"","overlay-type":"","overlay-color":"","overlay-opacity":"","overlay-gradient":""},"tablet":{"background-color":"var(--ast-global-color-5)","background-image":"","background-repeat":"repeat","background-position":"center center","background-size":"auto","background-attachment":"scroll","background-type":"","background-media":"","overlay-type":"","overlay-color":"","overlay-opacity":"","overlay-gradient":""},"mobile":{"background-color":"var(--ast-global-color-5)","background-image":"","background-repeat":"repeat","background-position":"center center","background-size":"auto","background-attachment":"scroll","background-type":"","background-media":"","overlay-type":"","overlay-color":"","overlay-opacity":"","overlay-gradient":""}},"footnotes":""},"class_list":["post-191","page","type-page","status-publish","hentry"],"_links":{"self":[{"href":"https:\/\/soppaaijja.fi\/index.php?rest_route=\/wp\/v2\/pages\/191","targetHints":{"allow":["GET"]}}],"collection":[{"href":"https:\/\/soppaaijja.fi\/index.php?rest_route=\/wp\/v2\/pages"}],"about":[{"href":"https:\/\/soppaaijja.fi\/index.php?rest_route=\/wp\/v2\/types\/page"}],"author":[{"embeddable":true,"href":"https:\/\/soppaaijja.fi\/index.php?rest_route=\/wp\/v2\/users\/2"}],"replies":[{"embeddable":true,"href":"https:\/\/soppaaijja.fi\/index.php?rest_route=%2Fwp%2Fv2%2Fcomments&post=191"}],"version-history":[{"count":18,"href":"https:\/\/soppaaijja.fi\/index.php?rest_route=\/wp\/v2\/pages\/191\/revisions"}],"predecessor-version":[{"id":440,"href":"https:\/\/soppaaijja.fi\/index.php?rest_route=\/wp\/v2\/pages\/191\/revisions\/440"}],"wp:attachment":[{"href":"https:\/\/soppaaijja.fi\/index.php?rest_route=%2Fwp%2Fv2%2Fmedia&parent=191"}],"curies":[{"name":"wp","href":"https:\/\/api.w.org\/{rel}","templated":true}]}}