{"id":185,"date":"2024-12-08T09:45:20","date_gmt":"2024-12-08T09:45:20","guid":{"rendered":"https:\/\/soppaaijja.fi\/?page_id=185"},"modified":"2025-05-30T04:15:29","modified_gmt":"2025-05-30T04:15:29","slug":"catering","status":"publish","type":"page","link":"https:\/\/soppaaijja.fi\/?page_id=185","title":{"rendered":"CATERING"},"content":{"rendered":"\n<div class=\"wp-block-media-text is-stacked-on-mobile\" style=\"border-width:1px;border-radius:5px;margin-top:var(--wp--preset--spacing--30);margin-bottom:var(--wp--preset--spacing--30);padding-top:var(--wp--preset--spacing--30);padding-right:var(--wp--preset--spacing--30);padding-bottom:var(--wp--preset--spacing--30);padding-left:var(--wp--preset--spacing--30);grid-template-columns:35% auto\"><figure class=\"wp-block-media-text__media\"><img loading=\"lazy\" decoding=\"async\" width=\"768\" height=\"1024\" src=\"https:\/\/soppaaijja.fi\/wp-content\/uploads\/2024\/11\/IMG20240710191526-768x1024.jpg\" alt=\"\" class=\"wp-image-89 size-full\" srcset=\"https:\/\/soppaaijja.fi\/wp-content\/uploads\/2024\/11\/IMG20240710191526-768x1024.jpg 768w, https:\/\/soppaaijja.fi\/wp-content\/uploads\/2024\/11\/IMG20240710191526-225x300.jpg 225w, https:\/\/soppaaijja.fi\/wp-content\/uploads\/2024\/11\/IMG20240710191526-1152x1536.jpg 1152w, https:\/\/soppaaijja.fi\/wp-content\/uploads\/2024\/11\/IMG20240710191526-1536x2048.jpg 1536w, https:\/\/soppaaijja.fi\/wp-content\/uploads\/2024\/11\/IMG20240710191526-scaled.jpg 1920w\" sizes=\"auto, (max-width: 768px) 100vw, 768px\" \/><\/figure><div class=\"wp-block-media-text__content\">\n<h3 class=\"wp-block-heading has-text-align-center has-black-color has-text-color has-link-color wp-elements-e83f01fb21c3e13402d50ab9c1d4f0a2\">CATERING<\/h3>\n\n\n\n<p class=\"has-text-align-left has-black-color has-text-color has-link-color wp-elements-bf1d3725be4bf004558220af669088b4\" style=\"padding-right:0;padding-left:var(--wp--preset--spacing--30)\">Meilt\u00e4 my\u00f6s cateringpalvelut. Onko sinulla tulossa syntym\u00e4p\u00e4iv\u00e4t,<br>kes\u00e4juhlat, valmistujaiset, m\u00f6kkibileet, h\u00e4\u00e4t vai haluatko tarjota<br>yrityksesi ty\u00f6ntekij\u00f6ille\/asiakkaillesi aamupalan, lounaan tai esim.<br>ruokailun ulkona suoraan grilliteltalta. K\u00e4yt\u00f6ss\u00e4mme on erilaiset kaasu-<br>ja hiiligrillit, paellapannut, savustimet, soppatykit yms.<br>Esimerkkiruokina wokki, pyttipannu, paella, lihaa grillist\u00e4, makkarat,<br>keitot, savustetut kalat, paistetut muikut, kiusaukset,<br>muurinpohjaletut, vohvelit, salaatit yms.\u00a0 Ota yhteytt\u00e4 niin<br>suunnitellaan yhdess\u00e4 teille sopiva kokonaisuus. Lis\u00e4ksi meill\u00e4 on myynniss\u00e4 ymp\u00e4ri vuoden<br>erilaisia liha- ja kalas\u00e4ilykkeit\u00e4, kotimaista hunajaa yms.<\/p>\n<\/div><\/div>\n\n\n\n<p><\/p>\n","protected":false},"excerpt":{"rendered":"<p>CATERING Meilt\u00e4 my\u00f6s cateringpalvelut. Onko sinulla tulossa syntym\u00e4p\u00e4iv\u00e4t,kes\u00e4juhlat, valmistujaiset, m\u00f6kkibileet, h\u00e4\u00e4t vai haluatko tarjotayrityksesi ty\u00f6ntekij\u00f6ille\/asiakkaillesi aamupalan, lounaan tai esim.ruokailun ulkona [&hellip;]<\/p>\n","protected":false},"author":2,"featured_media":0,"parent":0,"menu_order":0,"comment_status":"closed","ping_status":"closed","template":"","meta":{"site-sidebar-layout":"default","site-content-layout":"","ast-site-content-layout":"","site-content-style":"default","site-sidebar-style":"default","ast-global-header-display":"","ast-banner-title-visibility":"","ast-main-header-display":"","ast-hfb-above-header-display":"","ast-hfb-below-header-display":"","ast-hfb-mobile-header-display":"","site-post-title":"disabled","ast-breadcrumbs-content":"","ast-featured-img":"","footer-sml-layout":"","theme-transparent-header-meta":"","adv-header-id-meta":"","stick-header-meta":"","header-above-stick-meta":"","header-main-stick-meta":"","header-below-stick-meta":"","astra-migrate-meta-layouts":"default","ast-page-background-enabled":"default","ast-page-background-meta":{"desktop":{"background-color":"var(--ast-global-color-4)","background-image":"","background-repeat":"repeat","background-position":"center center","background-size":"auto","background-attachment":"scroll","background-type":"","background-media":"","overlay-type":"","overlay-color":"","overlay-opacity":"","overlay-gradient":""},"tablet":{"background-color":"","background-image":"","background-repeat":"repeat","background-position":"center center","background-size":"auto","background-attachment":"scroll","background-type":"","background-media":"","overlay-type":"","overlay-color":"","overlay-opacity":"","overlay-gradient":""},"mobile":{"background-color":"","background-image":"","background-repeat":"repeat","background-position":"center center","background-size":"auto","background-attachment":"scroll","background-type":"","background-media":"","overlay-type":"","overlay-color":"","overlay-opacity":"","overlay-gradient":""}},"ast-content-background-meta":{"desktop":{"background-color":"var(--ast-global-color-5)","background-image":"","background-repeat":"repeat","background-position":"center center","background-size":"auto","background-attachment":"scroll","background-type":"","background-media":"","overlay-type":"","overlay-color":"","overlay-opacity":"","overlay-gradient":""},"tablet":{"background-color":"var(--ast-global-color-5)","background-image":"","background-repeat":"repeat","background-position":"center center","background-size":"auto","background-attachment":"scroll","background-type":"","background-media":"","overlay-type":"","overlay-color":"","overlay-opacity":"","overlay-gradient":""},"mobile":{"background-color":"var(--ast-global-color-5)","background-image":"","background-repeat":"repeat","background-position":"center center","background-size":"auto","background-attachment":"scroll","background-type":"","background-media":"","overlay-type":"","overlay-color":"","overlay-opacity":"","overlay-gradient":""}},"footnotes":""},"class_list":["post-185","page","type-page","status-publish","hentry"],"_links":{"self":[{"href":"https:\/\/soppaaijja.fi\/index.php?rest_route=\/wp\/v2\/pages\/185","targetHints":{"allow":["GET"]}}],"collection":[{"href":"https:\/\/soppaaijja.fi\/index.php?rest_route=\/wp\/v2\/pages"}],"about":[{"href":"https:\/\/soppaaijja.fi\/index.php?rest_route=\/wp\/v2\/types\/page"}],"author":[{"embeddable":true,"href":"https:\/\/soppaaijja.fi\/index.php?rest_route=\/wp\/v2\/users\/2"}],"replies":[{"embeddable":true,"href":"https:\/\/soppaaijja.fi\/index.php?rest_route=%2Fwp%2Fv2%2Fcomments&post=185"}],"version-history":[{"count":8,"href":"https:\/\/soppaaijja.fi\/index.php?rest_route=\/wp\/v2\/pages\/185\/revisions"}],"predecessor-version":[{"id":347,"href":"https:\/\/soppaaijja.fi\/index.php?rest_route=\/wp\/v2\/pages\/185\/revisions\/347"}],"wp:attachment":[{"href":"https:\/\/soppaaijja.fi\/index.php?rest_route=%2Fwp%2Fv2%2Fmedia&parent=185"}],"curies":[{"name":"wp","href":"https:\/\/api.w.org\/{rel}","templated":true}]}}